{"id":394,"date":"2021-03-19T10:50:33","date_gmt":"2021-03-19T09:50:33","guid":{"rendered":"https:\/\/www.ramax.com.pl\/?page_id=394"},"modified":"2021-03-29T13:47:33","modified_gmt":"2021-03-29T11:47:33","slug":"klimatyzacja-bytom-piekary-slaskie-wojkowice-tarnowskie-gory","status":"publish","type":"page","link":"https:\/\/www.ramax.com.pl\/index.php\/klimatyzacja-bytom-piekary-slaskie-wojkowice-tarnowskie-gory\/","title":{"rendered":"Klimatyzacja | Bytom, Piekary \u015al\u0105skie, Wojkowice, Tarnowskie G\u00f3ry"},"content":{"rendered":"\t\t<div data-elementor-type=\"wp-page\" data-elementor-id=\"394\" class=\"elementor elementor-394\" data-elementor-settings=\"[]\">\n\t\t\t\t\t\t<div class=\"elementor-inner\">\n\t\t\t\t\t\t\t<div class=\"elementor-section-wrap\">\n\t\t\t\t\t\t\t<section class=\"has_eae_slider elementor-section elementor-top-section elementor-element elementor-element-40577ae elementor-section-boxed elementor-section-height-default elementor-section-height-default\" data-id=\"40577ae\" data-element_type=\"section\" data-settings=\"{&quot;ekit_has_onepagescroll_dot&quot;:&quot;yes&quot;}\">\n\t\t\t\t\t\t<div class=\"elementor-container elementor-column-gap-default\">\n\t\t\t\t\t\t\t<div class=\"elementor-row\">\n\t\t\t\t\t<div class=\"has_eae_slider elementor-column elementor-col-100 elementor-top-column elementor-element elementor-element-776bcad7\" data-id=\"776bcad7\" data-element_type=\"column\">\n\t\t\t<div class=\"elementor-column-wrap elementor-element-populated\">\n\t\t\t\t\t\t\t<div class=\"elementor-widget-wrap\">\n\t\t\t\t\t\t<div class=\"elementor-element elementor-element-416e7f56 elementor-widget elementor-widget-text-editor\" data-id=\"416e7f56\" data-element_type=\"widget\" data-widget_type=\"text-editor.default\">\n\t\t\t\t<div class=\"elementor-widget-container\">\n\t\t\t\t\t<div class=\"elementor-text-editor elementor-clearfix\"><p><!-- wp:paragraph --><\/p>\n<p>Coraz wi\u0119cej os\u00f3b my\u015bli nad zakupem <strong>klimatyzacji<\/strong>. Jednak nie wiedz\u0105 czy takie rozwi\u0105zanie jest dla nich przydatne. Koszty zakupu takiego urz\u0105dzenia nie nale\u017c\u0105 do najta\u0144szych i dlatego wybieraj\u0105 ta\u0144sze opcje, jakimi s\u0105 wiatraki, aby delikatnie och\u0142odzi\u0107 si\u0119 podczas upa\u0142\u00f3w. Zastan\u00f3wmy si\u0119 jednak czy faktycznie one pomagaj\u0105 na tyle, \u017ce czujemy si\u0119 zadowoleni? Odpowied\u017a zazwyczaj brzmi NIE. Z tego oto powodu lepiej przeznaczy\u0107 jest wi\u0119ksz\u0105 sum\u0119 pieni\u0119dzy na <strong>klimatyzacj\u0119<\/strong>, kt\u00f3ra b\u0119dzie nam s\u0142u\u017cy\u0107 przez wiele, wiele lat. W naszej ofercie, z pewno\u015bci\u0105 znajdziesz co\u015b dla siebie.<\/p>\n<p><strong style=\"color: #443399; font-size: 1.625rem; font-family: var( --e-global-typography-text-font-family ), Sans-serif;\">Dla kogo przeznaczona jest klimatyzacja z naszej oferty?<\/strong><\/p>\n<p><strong>\u00a0\u00a0\u00a0\u00a0\u00a0\u00a0\u00a0\u00a0 <\/strong>Mieszkasz na terenie <strong>Bytomia, Piekar \u015al\u0105skich, Wojkowic, Tarnowskich G\u00f3r<\/strong> i okolic? To w\u0142a\u015bnie tutaj dzia\u0142amy i montujemy wysokiej klasy jako\u015bci <strong>klimatyzacje<\/strong> znanych producent\u00f3w. Je\u015bli jeszcze nie posiadasz takiego urz\u0105dzenia elektrycznego, natychmiast powiniene\u015b zastanowi\u0107 si\u0119 nad jego zakupem. To przede wszystkim inwestycja na lata w Tw\u00f3j dom, mieszkanie czy biuro.<\/p>\n<p>W zale\u017cno\u015bci od swoich preferencji i wymaga\u0144 mo\u017cesz z Nasz\u0105 pomoc\u0105 wybra\u0107 dla siebie odpowiedni\u0105 <strong>klimatyzacj\u0119<\/strong> i ju\u017c nigdy wi\u0119cej nie narzeka\u0107 na gor\u0105co czy zimno w danym pomieszczeniu. Posiadamy modele dla wymagaj\u0105cych klient\u00f3w, kt\u00f3rzy r\u00f3wnie\u017c zwracaj\u0105 uwag\u0119 na walory estetyczne i dopasowanie si\u0119 do stylu mieszkania. Nasza firma oferuje eleganckie, presti\u017cowe w r\u00f3\u017cnych kolorach <strong>klimatyzatory<\/strong>. Z pewno\u015bci\u0105 ka\u017cdy znajdzie co\u015b dla siebie.<\/p>\n<p><strong style=\"color: #251f47; font-size: 1.375rem; font-family: var( --e-global-typography-text-font-family ), Sans-serif;\">Okre\u015bl swoje preferencje<\/strong><\/p>\n<p><strong>\u00a0\u00a0\u00a0\u00a0\u00a0\u00a0\u00a0\u00a0 <\/strong>Aby cieszy\u0107 si\u0119 w pe\u0142ni inwestycj\u0105 w <strong>klimatyzacj\u0119<\/strong>, okre\u015bl wcze\u015bniej, czego oczekujesz od danego <strong>klimatyzatora<\/strong>. Przede wszystkim zaplanuj, gdzie owe urz\u0105dzenie b\u0119dzie si\u0119 znajdowa\u0107 tak, aby pasowa\u0142o do reszty element\u00f3w w Twoim domu. Pami\u0119taj, \u017ce nawet maj\u0105c ma\u0142e mieszkanie mo\u017cesz posiada\u0107 <strong>klimatyzacj\u0119 <\/strong>i nic ku temu nie stoi na przeszkodzie. Dobierzemy odpowiedni model tak, aby nie zajmowa\u0142 on du\u017co miejsca a tym samym spe\u0142nia\u0142 wszystkie okre\u015blone przez Ciebie funkcje. Sprawd\u017a, jakie warianty <strong>klimatyzacji<\/strong> oferujemy. W momencie, w kt\u00f3rym Twoje wymagania b\u0119d\u0105 jasno zaznaczone, skontaktuj si\u0119 z nami mailowo czy te\u017c telefonicznie, a nasz specjalista zaproponuje Ci konkretne rozwi\u0105zania i modele dobrane odpowiednio do Twojego bud\u017cetu. Kolejno, nasi monta\u017cy\u015bci dzia\u0142aj\u0105cy w <strong>Bytomiu, Piekarach \u015al\u0105skich, Wojkowicach, Tarnowskich G\u00f3rach<\/strong> i okolicach przyjad\u0105 do Pa\u0144stwa, aby zamontowa\u0107 i odpowiednio zabezpieczy\u0107 <strong>klimatyzacj\u0119<\/strong>. Udziel\u0105 r\u00f3wnie\u017c kilku przydatnych porad dotycz\u0105cych sposobu u\u017cytkowania, aby unikn\u0105\u0107 awarii czy usterek. Mo\u017cecie by\u0107 pewni, \u017ce podchodzimy do sprawy z pe\u0142nym profesjonalizmem i dbamy o potrzeby naszego klienta.<\/p>\n<p><!-- \/wp:paragraph --><\/p><\/div>\n\t\t\t\t<\/div>\n\t\t\t\t<\/div>\n\t\t\t\t\t\t<\/div>\n\t\t\t\t\t<\/div>\n\t\t<\/div>\n\t\t\t\t\t\t\t\t<\/div>\n\t\t\t\t\t<\/div>\n\t\t<\/section>\n\t\t\t\t\t\t<\/div>\n\t\t\t\t\t\t<\/div>\n\t\t\t\t\t<\/div>\n\t\t","protected":false},"excerpt":{"rendered":"<p>Coraz wi\u0119cej os\u00f3b my\u015bli nad zakupem klimatyzacji. Jednak nie wiedz\u0105 czy takie rozwi\u0105zanie jest dla nich przydatne. Koszty zakupu takiego urz\u0105dzenia nie nale\u017c\u0105 do najta\u0144szych i dlatego wybieraj\u0105 ta\u0144sze opcje, jakimi s\u0105 wiatraki, aby delikatnie och\u0142odzi\u0107 si\u0119 podczas upa\u0142\u00f3w. Zastan\u00f3wmy si\u0119 jednak czy faktycznie one pomagaj\u0105 na tyle, \u017ce czujemy si\u0119 zadowoleni? Odpowied\u017a zazwyczaj brzmi &hellip; <\/p>\n<p class=\"link-more\"><a href=\"https:\/\/www.ramax.com.pl\/index.php\/klimatyzacja-bytom-piekary-slaskie-wojkowice-tarnowskie-gory\/\" class=\"more-link\">Czytaj dalej<span class=\"screen-reader-text\"> Klimatyzacja | Bytom, Piekary \u015al\u0105skie, Wojkowice, Tarnowskie G\u00f3ry<\/span><\/a><\/p>\n","protected":false},"author":2,"featured_media":395,"parent":0,"menu_order":0,"comment_status":"closed","ping_status":"closed","template":"","meta":[],"_links":{"self":[{"href":"https:\/\/www.ramax.com.pl\/index.php\/wp-json\/wp\/v2\/pages\/394"}],"collection":[{"href":"https:\/\/www.ramax.com.pl\/index.php\/wp-json\/wp\/v2\/pages"}],"about":[{"href":"https:\/\/www.ramax.com.pl\/index.php\/wp-json\/wp\/v2\/types\/page"}],"author":[{"embeddable":true,"href":"https:\/\/www.ramax.com.pl\/index.php\/wp-json\/wp\/v2\/users\/2"}],"replies":[{"embeddable":true,"href":"https:\/\/www.ramax.com.pl\/index.php\/wp-json\/wp\/v2\/comments?post=394"}],"version-history":[{"count":9,"href":"https:\/\/www.ramax.com.pl\/index.php\/wp-json\/wp\/v2\/pages\/394\/revisions"}],"predecessor-version":[{"id":464,"href":"https:\/\/www.ramax.com.pl\/index.php\/wp-json\/wp\/v2\/pages\/394\/revisions\/464"}],"wp:featuredmedia":[{"embeddable":true,"href":"https:\/\/www.ramax.com.pl\/index.php\/wp-json\/wp\/v2\/media\/395"}],"wp:attachment":[{"href":"https:\/\/www.ramax.com.pl\/index.php\/wp-json\/wp\/v2\/media?parent=394"}],"curies":[{"name":"wp","href":"https:\/\/api.w.org\/{rel}","templated":true}]}}